{"id":16,"date":"2023-01-24T15:44:23","date_gmt":"2023-01-24T14:44:23","guid":{"rendered":"https:\/\/lifting-construct.be\/lc\/?page_id=16"},"modified":"2023-03-15T18:25:36","modified_gmt":"2023-03-15T17:25:36","slug":"home","status":"publish","type":"page","link":"http:\/\/lifting-construct.be\/lc\/","title":{"rendered":""},"content":{"rendered":"\n<div class=\"wp-block-columns alignwide is-layout-flex wp-container-core-columns-is-layout-9d6595d7 wp-block-columns-is-layout-flex\">\n<div class=\"wp-block-column has-text-color has-background has-link-color wp-elements-9dee0b83cfeb35c4c9f0657d93370a20 is-layout-flow wp-block-column-is-layout-flow\" style=\"color:#000000;background-color:#ffe97d;padding-top:2em;padding-right:2em;padding-bottom:2em;padding-left:2em\">\n<p class=\"has-text-align-center\" style=\"font-size:30px\"><strong>Nos projets<\/strong><\/p>\n\n\n<div class=\"wp-block-image is-style-rounded\">\n<figure class=\"aligncenter size-full\"><a href=\"http:\/\/lifting-construct.be\/lc\/category\/projets\/\"><img loading=\"lazy\" decoding=\"async\" width=\"2128\" height=\"2128\" src=\"https:\/\/lifting-construct.be\/lc\/wp-content\/uploads\/2023\/01\/orjo-carre.jpg\" alt=\"\" class=\"wp-image-216\" srcset=\"http:\/\/lifting-construct.be\/lc\/wp-content\/uploads\/2023\/01\/orjo-carre.jpg 2128w, http:\/\/lifting-construct.be\/lc\/wp-content\/uploads\/2023\/01\/orjo-carre-300x300.jpg 300w, http:\/\/lifting-construct.be\/lc\/wp-content\/uploads\/2023\/01\/orjo-carre-1024x1024.jpg 1024w, http:\/\/lifting-construct.be\/lc\/wp-content\/uploads\/2023\/01\/orjo-carre-150x150.jpg 150w, http:\/\/lifting-construct.be\/lc\/wp-content\/uploads\/2023\/01\/orjo-carre-768x768.jpg 768w, http:\/\/lifting-construct.be\/lc\/wp-content\/uploads\/2023\/01\/orjo-carre-1536x1536.jpg 1536w, http:\/\/lifting-construct.be\/lc\/wp-content\/uploads\/2023\/01\/orjo-carre-2048x2048.jpg 2048w, http:\/\/lifting-construct.be\/lc\/wp-content\/uploads\/2023\/01\/orjo-carre-1200x1200.jpg 1200w, http:\/\/lifting-construct.be\/lc\/wp-content\/uploads\/2023\/01\/orjo-carre-600x600.jpg 600w, http:\/\/lifting-construct.be\/lc\/wp-content\/uploads\/2023\/01\/orjo-carre-60x60.jpg 60w, http:\/\/lifting-construct.be\/lc\/wp-content\/uploads\/2023\/01\/orjo-carre-100x100.jpg 100w\" sizes=\"auto, (max-width: 2128px) 100vw, 2128px\" \/><\/a><\/figure>\n<\/div>\n\n\n<p class=\"has-text-align-center\">D\u00e9couvrez les r\u00e9alisations en cours ou en projet.<\/p>\n\n\n\n<div class=\"wp-block-buttons is-vertical is-content-justification-center is-layout-flex wp-container-core-buttons-is-layout-9a7cdcfd wp-block-buttons-is-layout-flex\">\n<div class=\"wp-block-button is-style-outline is-style-outline--1\"><a class=\"wp-block-button__link has-white-color has-black-background-color has-text-color has-background wp-element-button\" href=\"http:\/\/lifting-construct.be\/lc\/category\/projets\/\">Je d\u00e9couvre<\/a><\/div>\n<\/div>\n<\/div>\n\n\n\n<div class=\"wp-block-column has-text-color has-background has-link-color wp-elements-69fae93f7cd61ea5cb987e6c555e33f1 is-layout-flow wp-block-column-is-layout-flow\" style=\"color:#000000;background-color:#0792e391;padding-top:2em;padding-right:2em;padding-bottom:2em;padding-left:2em\">\n<p class=\"has-text-align-center\" style=\"font-size:30px\"><strong>Nos r\u00e9f\u00e9rences<\/strong><\/p>\n\n\n<div class=\"wp-block-image is-style-rounded\">\n<figure class=\"aligncenter size-full\"><a href=\"http:\/\/lifting-construct.be\/lc\/nos-realisations\/\"><img loading=\"lazy\" decoding=\"async\" width=\"2048\" height=\"2048\" src=\"https:\/\/lifting-construct.be\/lc\/wp-content\/uploads\/2023\/01\/verreries-carre.jpg\" alt=\"\" class=\"wp-image-215\" srcset=\"http:\/\/lifting-construct.be\/lc\/wp-content\/uploads\/2023\/01\/verreries-carre.jpg 2048w, http:\/\/lifting-construct.be\/lc\/wp-content\/uploads\/2023\/01\/verreries-carre-300x300.jpg 300w, http:\/\/lifting-construct.be\/lc\/wp-content\/uploads\/2023\/01\/verreries-carre-1024x1024.jpg 1024w, http:\/\/lifting-construct.be\/lc\/wp-content\/uploads\/2023\/01\/verreries-carre-150x150.jpg 150w, http:\/\/lifting-construct.be\/lc\/wp-content\/uploads\/2023\/01\/verreries-carre-768x768.jpg 768w, http:\/\/lifting-construct.be\/lc\/wp-content\/uploads\/2023\/01\/verreries-carre-1536x1536.jpg 1536w, http:\/\/lifting-construct.be\/lc\/wp-content\/uploads\/2023\/01\/verreries-carre-1200x1200.jpg 1200w, http:\/\/lifting-construct.be\/lc\/wp-content\/uploads\/2023\/01\/verreries-carre-600x600.jpg 600w, http:\/\/lifting-construct.be\/lc\/wp-content\/uploads\/2023\/01\/verreries-carre-60x60.jpg 60w, http:\/\/lifting-construct.be\/lc\/wp-content\/uploads\/2023\/01\/verreries-carre-100x100.jpg 100w\" sizes=\"auto, (max-width: 2048px) 100vw, 2048px\" \/><\/a><\/figure>\n<\/div>\n\n\n<p class=\"has-text-align-center\" style=\"line-height:1.5\">Fiers de vous pr\u00e9senter ces biens d&#8217;exception.<\/p>\n\n\n\n<hr class=\"wp-block-separator has-css-opacity is-style-wide\"\/>\n\n\n\n<div class=\"wp-block-buttons is-vertical is-content-justification-center is-layout-flex wp-container-core-buttons-is-layout-9a7cdcfd wp-block-buttons-is-layout-flex\">\n<div class=\"wp-block-button is-style-outline is-style-outline--2\"><a class=\"wp-block-button__link has-white-color has-black-background-color has-text-color has-background wp-element-button\" href=\"http:\/\/lifting-construct.be\/lc\/nos-realisations\/\">Je veux voir<\/a><\/div>\n<\/div>\n<\/div>\n\n\n\n<div class=\"wp-block-column has-text-color has-background has-link-color wp-elements-c7e04609d253309b064b958f4539050a is-layout-flow wp-block-column-is-layout-flow\" style=\"color:#000000;background-color:#ff6a00c2;padding-top:2em;padding-right:2em;padding-bottom:2em;padding-left:2em\">\n<p class=\"has-text-align-center\" style=\"font-size:30px\"><strong>Contact<\/strong><\/p>\n\n\n<div class=\"wp-block-image is-style-rounded\">\n<figure class=\"aligncenter size-full\"><a href=\"http:\/\/lifting-construct.be\/lc\/contact-2\/\"><img loading=\"lazy\" decoding=\"async\" width=\"469\" height=\"469\" src=\"https:\/\/lifting-construct.be\/lc\/wp-content\/uploads\/2023\/01\/contact.jpg\" alt=\"\" class=\"wp-image-217\" srcset=\"http:\/\/lifting-construct.be\/lc\/wp-content\/uploads\/2023\/01\/contact.jpg 469w, http:\/\/lifting-construct.be\/lc\/wp-content\/uploads\/2023\/01\/contact-300x300.jpg 300w, http:\/\/lifting-construct.be\/lc\/wp-content\/uploads\/2023\/01\/contact-150x150.jpg 150w, http:\/\/lifting-construct.be\/lc\/wp-content\/uploads\/2023\/01\/contact-60x60.jpg 60w, http:\/\/lifting-construct.be\/lc\/wp-content\/uploads\/2023\/01\/contact-100x100.jpg 100w\" sizes=\"auto, (max-width: 469px) 100vw, 469px\" \/><\/a><\/figure>\n<\/div>\n\n\n<p class=\"has-text-align-center\">Une demande de renseignements compl\u00e9mentaires ?<\/p>\n\n\n\n<hr class=\"wp-block-separator has-css-opacity is-style-wide\"\/>\n\n\n\n<div class=\"wp-block-buttons is-vertical is-content-justification-center is-layout-flex wp-container-core-buttons-is-layout-9a7cdcfd wp-block-buttons-is-layout-flex\">\n<div class=\"wp-block-button is-style-outline is-style-outline--3\"><a class=\"wp-block-button__link has-white-color has-black-background-color has-text-color has-background wp-element-button\" href=\"http:\/\/lifting-construct.be\/lc\/contact-2\/\">Je contacte<\/a><\/div>\n<\/div>\n<\/div>\n<\/div>\n","protected":false},"excerpt":{"rendered":"<p>Nos projets D\u00e9couvrez les r\u00e9alisations en cours ou en projet. Nos r\u00e9f\u00e9rences Fiers de vous pr\u00e9senter ces biens d&#8217;exception. Contact Une demande de renseignements compl\u00e9mentaires ?<\/p>\n","protected":false},"author":1,"featured_media":0,"parent":0,"menu_order":0,"comment_status":"closed","ping_status":"closed","template":"","meta":{"_regular_price":[],"currency_symbol":[],"footnotes":""},"class_list":["post-16","page","type-page","status-publish","hentry","latest_post"],"post_slider_layout_featured_media_urls":{"thumbnail":"","post_slider_layout_landscape_large":"","post_slider_layout_portrait_large":"","post_slider_layout_square_large":"","post_slider_layout_landscape":"","post_slider_layout_portrait":"","post_slider_layout_square":"","full":""},"_links":{"self":[{"href":"http:\/\/lifting-construct.be\/lc\/wp-json\/wp\/v2\/pages\/16","targetHints":{"allow":["GET"]}}],"collection":[{"href":"http:\/\/lifting-construct.be\/lc\/wp-json\/wp\/v2\/pages"}],"about":[{"href":"http:\/\/lifting-construct.be\/lc\/wp-json\/wp\/v2\/types\/page"}],"author":[{"embeddable":true,"href":"http:\/\/lifting-construct.be\/lc\/wp-json\/wp\/v2\/users\/1"}],"replies":[{"embeddable":true,"href":"http:\/\/lifting-construct.be\/lc\/wp-json\/wp\/v2\/comments?post=16"}],"version-history":[{"count":31,"href":"http:\/\/lifting-construct.be\/lc\/wp-json\/wp\/v2\/pages\/16\/revisions"}],"predecessor-version":[{"id":497,"href":"http:\/\/lifting-construct.be\/lc\/wp-json\/wp\/v2\/pages\/16\/revisions\/497"}],"wp:attachment":[{"href":"http:\/\/lifting-construct.be\/lc\/wp-json\/wp\/v2\/media?parent=16"}],"curies":[{"name":"wp","href":"https:\/\/api.w.org\/{rel}","templated":true}]}}