{"id":466,"date":"2023-03-15T17:05:46","date_gmt":"2023-03-15T16:05:46","guid":{"rendered":"https:\/\/lifting-construct.be\/lc\/?page_id=466"},"modified":"2023-03-24T17:49:02","modified_gmt":"2023-03-24T16:49:02","slug":"nos-realisations","status":"publish","type":"page","link":"http:\/\/lifting-construct.be\/lc\/nos-realisations\/","title":{"rendered":"Nos r\u00e9f\u00e9rences"},"content":{"rendered":"<div class=\"wp-block-image\">\n<figure class=\"aligncenter size-full\"><img loading=\"lazy\" decoding=\"async\" width=\"2000\" height=\"747\" src=\"https:\/\/lifting-construct.be\/lc\/wp-content\/uploads\/2023\/03\/lifting-construct-jambes-verreries-0.jpg\" alt=\"\" class=\"wp-image-471\" srcset=\"http:\/\/lifting-construct.be\/lc\/wp-content\/uploads\/2023\/03\/lifting-construct-jambes-verreries-0.jpg 2000w, http:\/\/lifting-construct.be\/lc\/wp-content\/uploads\/2023\/03\/lifting-construct-jambes-verreries-0-300x112.jpg 300w, http:\/\/lifting-construct.be\/lc\/wp-content\/uploads\/2023\/03\/lifting-construct-jambes-verreries-0-1024x382.jpg 1024w, http:\/\/lifting-construct.be\/lc\/wp-content\/uploads\/2023\/03\/lifting-construct-jambes-verreries-0-768x287.jpg 768w, http:\/\/lifting-construct.be\/lc\/wp-content\/uploads\/2023\/03\/lifting-construct-jambes-verreries-0-1536x574.jpg 1536w, http:\/\/lifting-construct.be\/lc\/wp-content\/uploads\/2023\/03\/lifting-construct-jambes-verreries-0-161x60.jpg 161w\" sizes=\"auto, (max-width: 2000px) 100vw, 2000px\" \/><\/figure>\n<\/div>\n\n\n<p>&nbsp;<\/p>\n\n\n\n<div class=\"wp-block-columns alignwide is-layout-flex wp-container-core-columns-is-layout-9d6595d7 wp-block-columns-is-layout-flex\">\n<div class=\"wp-block-column is-vertically-aligned-top has-text-color has-background has-link-color has-small-font-size wp-elements-7c70104914d63f39208449a62fbe2382 is-layout-flow wp-block-column-is-layout-flow\" style=\"color:#000000;background-color:#ffe97d;padding-top:2em;padding-right:2em;padding-bottom:2em;padding-left:2em\">\n<h2 class=\"has-text-align-center wp-block-heading\" id=\"single\" style=\"font-size:30px\"><strong>Promotions r\u00e9alis\u00e9es<\/strong><\/h2>\n\n\n\n<figure class=\"wp-block-image size-large is-style-rounded\"><a href=\"http:\/\/lifting-construct.be\/lc\/category\/references\/promotions-realisees\/\"><img loading=\"lazy\" decoding=\"async\" width=\"1024\" height=\"384\" src=\"https:\/\/lifting-construct.be\/lc\/wp-content\/uploads\/2023\/03\/lifting-construct-jambes-verreries-5-1024x384.jpg\" alt=\"\" class=\"wp-image-476\" srcset=\"http:\/\/lifting-construct.be\/lc\/wp-content\/uploads\/2023\/03\/lifting-construct-jambes-verreries-5-1024x384.jpg 1024w, http:\/\/lifting-construct.be\/lc\/wp-content\/uploads\/2023\/03\/lifting-construct-jambes-verreries-5-300x113.jpg 300w, http:\/\/lifting-construct.be\/lc\/wp-content\/uploads\/2023\/03\/lifting-construct-jambes-verreries-5-768x288.jpg 768w, http:\/\/lifting-construct.be\/lc\/wp-content\/uploads\/2023\/03\/lifting-construct-jambes-verreries-5-1536x576.jpg 1536w, http:\/\/lifting-construct.be\/lc\/wp-content\/uploads\/2023\/03\/lifting-construct-jambes-verreries-5-160x60.jpg 160w, http:\/\/lifting-construct.be\/lc\/wp-content\/uploads\/2023\/03\/lifting-construct-jambes-verreries-5.jpg 2000w\" sizes=\"auto, (max-width: 1024px) 100vw, 1024px\" \/><\/a><\/figure>\n\n\n\n<div class=\"wp-block-buttons is-content-justification-center is-layout-flex wp-container-core-buttons-is-layout-16018d1d wp-block-buttons-is-layout-flex\">\n<div class=\"wp-block-button aligncenter has-custom-font-size is-style-outline has-small-font-size is-style-outline--1\"><a class=\"wp-block-button__link has-white-color has-black-background-color has-text-color has-background wp-element-button\" href=\"http:\/\/lifting-construct.be\/lc\/category\/references\/promotions-realisees\/\">en savoir plus&#8230;<\/a><\/div>\n<\/div>\n<\/div>\n\n\n\n<div class=\"wp-block-column has-text-color has-background has-link-color has-small-font-size wp-elements-2fa4bb03e27848464db692e4b5b777a0 is-layout-flow wp-block-column-is-layout-flow\" style=\"color:#000000;background-color:#d1d1e1;padding-top:2em;padding-right:2em;padding-bottom:2em;padding-left:2em\">\n<h2 class=\"has-text-align-center wp-block-heading\" id=\"family\" style=\"font-size:30px\"><strong>Villas et immeubles<\/strong><\/h2>\n\n\n\n<hr class=\"wp-block-separator has-css-opacity is-style-wide\"\/>\n\n\n\n<figure class=\"wp-block-image size-large is-style-rounded\"><img loading=\"lazy\" decoding=\"async\" width=\"1024\" height=\"384\" src=\"http:\/\/lifting-construct.be\/lc\/wp-content\/uploads\/2023\/03\/lifting-construct-jambes-6-appart-2-1024x384.jpg\" alt=\"\" class=\"wp-image-564\" srcset=\"http:\/\/lifting-construct.be\/lc\/wp-content\/uploads\/2023\/03\/lifting-construct-jambes-6-appart-2-1024x384.jpg 1024w, http:\/\/lifting-construct.be\/lc\/wp-content\/uploads\/2023\/03\/lifting-construct-jambes-6-appart-2-300x113.jpg 300w, http:\/\/lifting-construct.be\/lc\/wp-content\/uploads\/2023\/03\/lifting-construct-jambes-6-appart-2-768x288.jpg 768w, http:\/\/lifting-construct.be\/lc\/wp-content\/uploads\/2023\/03\/lifting-construct-jambes-6-appart-2-1536x576.jpg 1536w, http:\/\/lifting-construct.be\/lc\/wp-content\/uploads\/2023\/03\/lifting-construct-jambes-6-appart-2-160x60.jpg 160w, http:\/\/lifting-construct.be\/lc\/wp-content\/uploads\/2023\/03\/lifting-construct-jambes-6-appart-2.jpg 2000w\" sizes=\"auto, (max-width: 1024px) 100vw, 1024px\" \/><\/figure>\n\n\n\n<div class=\"wp-block-buttons is-content-justification-center is-layout-flex wp-container-core-buttons-is-layout-16018d1d wp-block-buttons-is-layout-flex\">\n<div class=\"wp-block-button has-custom-font-size is-style-outline has-small-font-size is-style-outline--2\"><a class=\"wp-block-button__link has-white-color has-black-background-color has-text-color has-background wp-element-button\" href=\"http:\/\/lifting-construct.be\/lc\/category\/references\/villas-et-immeubles\/\">en savoir plus&#8230;<\/a><\/div>\n<\/div>\n<\/div>\n\n\n\n<div class=\"wp-block-column is-vertically-aligned-top has-text-color has-background has-link-color has-small-font-size wp-elements-d6eb4fd1ada61d8a3b3eb4ab8681688d is-layout-flow wp-block-column-is-layout-flow\" style=\"color:#000000;background-color:#c0ebf1;padding-top:2em;padding-right:2em;padding-bottom:2em;padding-left:2em\">\n<h2 class=\"has-text-align-center wp-block-heading\" id=\"patron\" style=\"font-size:30px\"><strong>R\u00e9novations<\/strong><\/h2>\n\n\n\n<hr class=\"wp-block-separator has-css-opacity is-style-wide\"\/>\n\n\n\n<figure class=\"wp-block-image size-large is-style-rounded\"><a href=\"http:\/\/lifting-construct.be\/lc\/category\/references\/renovations\/\"><img loading=\"lazy\" decoding=\"async\" width=\"1024\" height=\"384\" src=\"https:\/\/lifting-construct.be\/lc\/wp-content\/uploads\/2023\/01\/lifting-construct-gesves-renovation-villa-2000-1024x384.jpg\" alt=\"\" class=\"wp-image-417\" srcset=\"http:\/\/lifting-construct.be\/lc\/wp-content\/uploads\/2023\/01\/lifting-construct-gesves-renovation-villa-2000-1024x384.jpg 1024w, http:\/\/lifting-construct.be\/lc\/wp-content\/uploads\/2023\/01\/lifting-construct-gesves-renovation-villa-2000-300x113.jpg 300w, http:\/\/lifting-construct.be\/lc\/wp-content\/uploads\/2023\/01\/lifting-construct-gesves-renovation-villa-2000-768x288.jpg 768w, http:\/\/lifting-construct.be\/lc\/wp-content\/uploads\/2023\/01\/lifting-construct-gesves-renovation-villa-2000-1536x576.jpg 1536w, http:\/\/lifting-construct.be\/lc\/wp-content\/uploads\/2023\/01\/lifting-construct-gesves-renovation-villa-2000-160x60.jpg 160w, http:\/\/lifting-construct.be\/lc\/wp-content\/uploads\/2023\/01\/lifting-construct-gesves-renovation-villa-2000.jpg 2000w\" sizes=\"auto, (max-width: 1024px) 100vw, 1024px\" \/><\/a><\/figure>\n\n\n\n<div class=\"wp-block-buttons has-custom-font-size has-small-font-size is-content-justification-center is-layout-flex wp-container-core-buttons-is-layout-16018d1d wp-block-buttons-is-layout-flex\">\n<div class=\"wp-block-button has-custom-font-size is-style-outline has-small-font-size is-style-outline--3\"><a class=\"wp-block-button__link has-white-color has-black-background-color has-text-color has-background wp-element-button\" href=\"http:\/\/lifting-construct.be\/lc\/category\/references\/renovations\/\">en savoir plus&#8230;<\/a><\/div>\n<\/div>\n<\/div>\n<\/div>\n","protected":false},"excerpt":{"rendered":"<p>&nbsp; Promotions r\u00e9alis\u00e9es Villas et immeubles R\u00e9novations<\/p>\n","protected":false},"author":1,"featured_media":0,"parent":0,"menu_order":0,"comment_status":"closed","ping_status":"closed","template":"","meta":{"_regular_price":[],"currency_symbol":[],"footnotes":""},"class_list":["post-466","page","type-page","status-publish","hentry","latest_post"],"post_slider_layout_featured_media_urls":{"thumbnail":"","post_slider_layout_landscape_large":"","post_slider_layout_portrait_large":"","post_slider_layout_square_large":"","post_slider_layout_landscape":"","post_slider_layout_portrait":"","post_slider_layout_square":"","full":""},"_links":{"self":[{"href":"http:\/\/lifting-construct.be\/lc\/wp-json\/wp\/v2\/pages\/466","targetHints":{"allow":["GET"]}}],"collection":[{"href":"http:\/\/lifting-construct.be\/lc\/wp-json\/wp\/v2\/pages"}],"about":[{"href":"http:\/\/lifting-construct.be\/lc\/wp-json\/wp\/v2\/types\/page"}],"author":[{"embeddable":true,"href":"http:\/\/lifting-construct.be\/lc\/wp-json\/wp\/v2\/users\/1"}],"replies":[{"embeddable":true,"href":"http:\/\/lifting-construct.be\/lc\/wp-json\/wp\/v2\/comments?post=466"}],"version-history":[{"count":42,"href":"http:\/\/lifting-construct.be\/lc\/wp-json\/wp\/v2\/pages\/466\/revisions"}],"predecessor-version":[{"id":629,"href":"http:\/\/lifting-construct.be\/lc\/wp-json\/wp\/v2\/pages\/466\/revisions\/629"}],"wp:attachment":[{"href":"http:\/\/lifting-construct.be\/lc\/wp-json\/wp\/v2\/media?parent=466"}],"curies":[{"name":"wp","href":"https:\/\/api.w.org\/{rel}","templated":true}]}}