{"id":82,"date":"2023-01-25T11:50:31","date_gmt":"2023-01-25T10:50:31","guid":{"rendered":"https:\/\/lifting-construct.be\/lc\/?page_id=82"},"modified":"2023-02-09T12:29:31","modified_gmt":"2023-02-09T11:29:31","slug":"qui-sommes-nous","status":"publish","type":"page","link":"http:\/\/lifting-construct.be\/lc\/qui-sommes-nous\/","title":{"rendered":"Qui sommes-nous ?"},"content":{"rendered":"\n<p><\/p>\n\n\n\n<div class=\"wp-block-media-text alignwide has-media-on-the-right is-stacked-on-mobile is-vertically-aligned-top is-image-fill has-white-background-color has-background\" style=\"grid-template-columns:auto 25%\"><div class=\"wp-block-media-text__content\">\n<h3 class=\"has-text-align-center wp-block-heading has-text-color\" style=\"color:#000000\"><\/h3>\n\n\n\n<p><\/p>\n\n\n\n<p class=\"has-text-align-left has-text-color\" style=\"color:#333333;font-size:16px\"><strong>Lifting-Construct<\/strong> voit le jour \u00e0 Gesves en 2009 pour d\u00e9velopper divers projets \u00e0 destination de ses clients et architectes : transformation\/r\u00e9novation, maisons neuves clef sur porte, immeubles \u00e0 appartements\u2026<br>Chaque nouvelle r\u00e9alisation est un succ\u00e8s alliant comp\u00e9tences techniques et innovation.<\/p>\n\n\n\n<p class=\"has-text-align-left has-text-color\" style=\"color:#333333;font-size:16px\">Les 36 ann\u00e9es d&#8217;exp\u00e9rience de terrain et le professionnalisme de son dirigeant lui permettent d\u00e8s 2011 de d\u00e9velopper sa premi\u00e8re promotion immobili\u00e8re et d&#8217;ajouter ainsi une corde \u00e0 son arc : 4 habitations tr\u00e8s basse \u00e9nergie ont trouv\u00e9 leurs habitants rapidement !<br>C&#8217;est donc tout naturellement que <strong>Lifting-Construct<\/strong> a continu\u00e9 entre 2011 et 2019, avec ses \u00e9quipes, \u00e0 concr\u00e9tiser de nombreuses r\u00e9alisations en r\u00e9gion namuroise, en tant que constructeur et promoteur. Avec toujours le m\u00eame objectif en t\u00eate: cr\u00e9er des logements durables, \u00e9conomiques et ergonomiques, o\u00f9 il fait bon vivre.<\/p>\n\n\n\n<p class=\"has-text-align-left has-text-color\" style=\"color:#333333;font-size:16px\">En 2019, <strong>Lifting-Construct<\/strong> d\u00e9cide de se concentrer uniquement sur la promotion immobili\u00e8re, avec la m\u00eame exigence de qualit\u00e9, et se d\u00e9marque \u00e0 nouveau du march\u00e9 classique en proposant des logements encore plus attractifs gr\u00e2ce \u00e0 leur localisation, une architecture haut de gamme, des espaces de vie aux dimensions confortables\u2026<br>Les besoins et attentes des clients sont ainsi plac\u00e9s au centre des pr\u00e9occupations.<br>Pour relever ce d\u00e9fi, un nouvel administrateur-d\u00e9l\u00e9gu\u00e9 rejoint <strong>Lifting-Construct<\/strong> en 2022. Les talents compl\u00e9mentaires des deux associ\u00e9s, devenus des amis, renforcent encore le positionnement de <strong>Lifting-Construct<\/strong> sur le march\u00e9 immobilier et en font d\u00e9sormais un acteur incontournable<\/p>\n<\/div><figure class=\"wp-block-media-text__media\" style=\"background-image:url(http:\/\/lifting-construct.be\/lc\/wp-content\/uploads\/2023\/01\/siege-social.jpg);background-position:30% 48%\"><img loading=\"lazy\" decoding=\"async\" width=\"242\" height=\"480\" src=\"http:\/\/lifting-construct.be\/lc\/wp-content\/uploads\/2023\/01\/siege-social.jpg\" alt=\"\" class=\"wp-image-221 size-full\" srcset=\"http:\/\/lifting-construct.be\/lc\/wp-content\/uploads\/2023\/01\/siege-social.jpg 242w, http:\/\/lifting-construct.be\/lc\/wp-content\/uploads\/2023\/01\/siege-social-151x300.jpg 151w, http:\/\/lifting-construct.be\/lc\/wp-content\/uploads\/2023\/01\/siege-social-30x60.jpg 30w\" sizes=\"auto, (max-width: 242px) 100vw, 242px\" \/><\/figure><\/div>\n\n\n\n<p><\/p>\n","protected":false},"excerpt":{"rendered":"<p>Lifting-Construct voit le jour \u00e0 Gesves en 2009 pour d\u00e9velopper divers projets \u00e0 destination de ses clients et architectes : transformation\/r\u00e9novation, maisons neuves clef sur porte, immeubles \u00e0 appartements\u2026Chaque nouvelle r\u00e9alisation est un succ\u00e8s alliant comp\u00e9tences techniques et innovation. Les 36 ann\u00e9es d&#8217;exp\u00e9rience de terrain et le professionnalisme de son &hellip; <\/p>\n","protected":false},"author":1,"featured_media":0,"parent":0,"menu_order":0,"comment_status":"closed","ping_status":"closed","template":"","meta":{"_regular_price":[],"currency_symbol":[],"footnotes":""},"class_list":["post-82","page","type-page","status-publish","hentry","latest_post"],"post_slider_layout_featured_media_urls":{"thumbnail":"","post_slider_layout_landscape_large":"","post_slider_layout_portrait_large":"","post_slider_layout_square_large":"","post_slider_layout_landscape":"","post_slider_layout_portrait":"","post_slider_layout_square":"","full":""},"_links":{"self":[{"href":"http:\/\/lifting-construct.be\/lc\/wp-json\/wp\/v2\/pages\/82","targetHints":{"allow":["GET"]}}],"collection":[{"href":"http:\/\/lifting-construct.be\/lc\/wp-json\/wp\/v2\/pages"}],"about":[{"href":"http:\/\/lifting-construct.be\/lc\/wp-json\/wp\/v2\/types\/page"}],"author":[{"embeddable":true,"href":"http:\/\/lifting-construct.be\/lc\/wp-json\/wp\/v2\/users\/1"}],"replies":[{"embeddable":true,"href":"http:\/\/lifting-construct.be\/lc\/wp-json\/wp\/v2\/comments?post=82"}],"version-history":[{"count":10,"href":"http:\/\/lifting-construct.be\/lc\/wp-json\/wp\/v2\/pages\/82\/revisions"}],"predecessor-version":[{"id":339,"href":"http:\/\/lifting-construct.be\/lc\/wp-json\/wp\/v2\/pages\/82\/revisions\/339"}],"wp:attachment":[{"href":"http:\/\/lifting-construct.be\/lc\/wp-json\/wp\/v2\/media?parent=82"}],"curies":[{"name":"wp","href":"https:\/\/api.w.org\/{rel}","templated":true}]}}